{"id":1339,"date":"2017-10-16T13:54:07","date_gmt":"2017-10-16T13:54:07","guid":{"rendered":"http:\/\/ninzio.com\/bauer\/?page_id=1339"},"modified":"2024-12-08T17:04:24","modified_gmt":"2024-12-08T17:04:24","slug":"contact-us","status":"publish","type":"page","link":"https:\/\/ozlab.az\/en\/contact-us\/","title":{"rendered":"Contact Us"},"content":{"rendered":"<div class=\"wpb-content-wrapper\"><div class=\"vc-custom-col-spacing clearfix vc-col-spacing-30\"><section class=\"wpb_row vc_row-fluid vc_custom_1558796213746 vc_row-has-fill row-content-position-Default\"><div class=\"bauer-container\"><div class=\"row-inner clearfix\"><div class=\"wpb_column vc_column_container vc_col-sm-12\"><div class=\"vc_column-inner\"><div class=\"wpb_wrapper\">\r\n\t<div class=\"bauer-spacer clearfix\" data-desktop=\"100\" data-mobi=\"60\" data-smobi=\"60\"><\/div><div class=\"bauer-content-box clearfix\" ><div class=\"vc-custom-col-inner-spacing clearfix vc-col-inner-spacing-65\"><div class=\"wpb_row vc_inner vc_row-fluid\"><div class=\"wpb_column vc_column_container vc_col-sm-6\"><div class=\"vc_column-inner\"><div class=\"wpb_wrapper\"><div class=\"bauer-simple-image text-center\" style=\"\" >\r\n\t\t\t<img decoding=\"async\" alt=\"image\" src=\"https:\/\/ozlab.az\/wp-content\/uploads\/revslider\/slider-6\/slider-factory-bg21-e1733668577516.jpg\" \/> \r\n\t\t<\/div>\r\n\t<div class=\"bauer-spacer clearfix\" data-desktop=\"0\" data-mobi=\"40\" data-smobi=\"40\"><\/div><\/div><\/div><\/div><div class=\"wpb_column vc_column_container vc_col-sm-6\"><div class=\"vc_column-inner\"><div class=\"wpb_wrapper\">\r\n\t<div class=\"bauer-spacer clearfix\" data-desktop=\"45\" data-mobi=\"0\" data-smobi=\"0\"><\/div><h2 class=\"bauer-text clearfix\" style=\"font-size:42px;line-height:50px;margin-bottom:32px;\"><p><span class=\"font-weight-300\"><\/span>EL\u018f \u0130ND\u0130 G\u00d6R\u00dc\u015e T\u018fL\u018fB ED\u0130N<\/p>\n<\/h2><div class=\"bauer-text clearfix\" style=\"font-size:18px;line-height:30px;color:#414042;margin-bottom:40px;\"><div class=\"lRu31\" dir=\"ltr\">\n<p><span class=\"HwtZe\" jsaction=\"mouseup:Sxi9L,BR6jm; mousedown:qjlr0e\" jsname=\"jqKxS\" lang=\"az\"><span jsaction=\"agoMJf:PFBcW;MZfLnc:P7O7bd;nt4Alf:pvnm0e,pfE8Hb,PFBcW;B01qod:dJXsye;H1e5u:iXtTIf;lYIUJf:hij5Wb\" jsname=\"txFAF\" class=\"jCAhz ChMk0b\" jscontroller=\"BiTO4b\"><span class=\"ryNqvb\" jsname=\"W297wb\" jsaction=\"click:PDNqTc,GFf3ac,qlVvte;contextmenu:Nqw7Te,QP7LD; mouseout:Nqw7Te; mouseover:PDNqTc,c2aHje\">Ozlab Global ba\u015fdan sona s\u0259naye avadanl\u0131\u011f\u0131 h\u0259ll\u0259ri t\u0259klif ed\u0259n tam s\u0259naye xidm\u0259tl\u0259ri \u015firk\u0259tidir.<\/span><\/span> <span jsaction=\"agoMJf:PFBcW;MZfLnc:P7O7bd;nt4Alf:pvnm0e,pfE8Hb,PFBcW;B01qod:dJXsye;H1e5u:iXtTIf;lYIUJf:hij5Wb\" jsname=\"txFAF\" class=\"jCAhz\" jscontroller=\"BiTO4b\"><span class=\"ryNqvb\" jsname=\"W297wb\" jsaction=\"click:PDNqTc,GFf3ac,qlVvte;contextmenu:Nqw7Te,QP7LD; mouseout:Nqw7Te; mouseover:PDNqTc,c2aHje\">Bizim hey\u0259timiz qlobal 8 ildir f\u0259aliyy\u0259t g\u00f6st\u0259rir.<\/span><\/span><\/span><span class=\"ZSCsVd\"><\/span><\/p>\n<div class=\"OvtS8d\" jsname=\"yiB9Md\" jscontroller=\"msAMEf\"><\/div>\n<div jsaction=\"focusin:s5kOj;FzgWvd:uRAjKb,mebvqd,WSLPRc;bITzcd:n1Ixlc,dBh71c;iFFCZc:oeyCVc;EDR5Je:TEj9Q;Rld2oe:KkQIMc,wz6Dg\" jsname=\"rYMao\" jscontroller=\"gNRIbd\" id=\"ow77\" __is_owner=\"true\"><\/div>\n<\/div>\n<div aria-hidden=\"true\" class=\"UdTY9 WdefRb\" data-location=\"2\" jsaction=\"agoMJf:gXkcrf;h5CHLc:RHer4,P6Fjxb;rpiAHc:GitQp,fNH7he\" jscontroller=\"LCd6Fb\" jsname=\"c3wAjc\">\n<div class=\"kO6q6e\" jsname=\"jTaUub\"><\/div>\n<\/div>\n<\/div><div class=\"bauer-grid-box clearfix grid2 border-light v-30 h-0 no-borders\" data-grid=\"2\" >\r\n\t\t<div class=\"bauer-icon-box clearfix icon-left align-left  simple\" style=\"background-color:#ffffff;padding:22px 25px 22px 25px;border-radius:5px;border:1px solid #e7e7e7;\" ><div class=\"wrap-inner\" style=\"position: relative;\"><div class=\"bauer-icon icon-1977928106 custom accent-bg\"  data-icon=\"#ffffff\">\r\n\t\t\t\t<span class=\"icon\" style=\"font-size:18px;width:42px;height:42px;border-style:solid;border-radius:21px;line-height:44px; box-shadow: 0px 0px 0px 4px rgba(243,92,39,0.2)\"><i class=\"elegant-icon_phone\"><\/i><\/span>\r\n\t\t\t<\/div> <h3 class=\"heading\" style=\"padding-left:59px;color:#777777;font-size:15px;line-height:20px;\">\r\n\t\t\t<span>Contact Us<\/span>\r\n\t\t<\/h3><div class=\"desc\" style=\"padding-left:59px;\"><p><span class=\"text-accent-color font-weight-500 underline-dashed\">+1 212-946-2707<\/span><\/p>\n<\/div> <\/div><\/div><div class=\"bauer-icon-box clearfix icon-left align-left  simple\" style=\"background-color:#ffffff;padding:22px 25px 22px 25px;border-radius:5px;border:1px solid #e7e7e7;\" ><div class=\"wrap-inner\" style=\"position: relative;\"><div class=\"bauer-icon icon-207617704 custom accent-bg\"  data-icon=\"#ffffff\">\r\n\t\t\t\t<span class=\"icon\" style=\"font-size:18px;width:42px;height:42px;border-style:solid;border-radius:21px;line-height:44px; box-shadow: 0px 0px 0px 4px rgba(243,92,39,0.2)\"><i class=\"elegant-icon_phone\"><\/i><\/span>\r\n\t\t\t<\/div> <h3 class=\"heading\" style=\"padding-left:59px;color:#777777;font-size:15px;line-height:20px;\">\r\n\t\t\t<span>Our Email<\/span>\r\n\t\t<\/h3><div class=\"desc\" style=\"padding-left:59px;\"><p><span class=\"text-accent-color font-weight-500 underline-dashed\">office@ozlab.az<\/span><\/p>\n<\/div> <\/div><\/div>\n\r\n\t<\/div>\r\n\t<div class=\"bauer-spacer clearfix\" data-desktop=\"50\" data-mobi=\"10\" data-smobi=\"10\"><\/div><div class=\"button-wrap icon-right\" style=\"\" ><a href=\"https:\/\/ozlab.az\/en\/contact-us\/\" target=\"_self\" class=\"bauer-button btn-285387622 medium no_icon accent\" style=\"border-radius:30px;\"  data-text=\"#ffffff\" data-text-hover=\"#ffffff\" data-background-hover=\"#f35c27\">\r\n\t\t<span style=\"\">Qiym\u0259t \u0259ld\u0259 edin <\/span>\r\n\t<\/a><\/div><\/div><\/div><\/div><\/div><\/div><\/div>\r\n\t<div class=\"bauer-spacer clearfix\" data-desktop=\"100\" data-mobi=\"50\" data-smobi=\"50\"><\/div><\/div><\/div><\/div><\/div><\/div><\/section><\/div><div class=\"vc-custom-col-spacing clearfix vc-col-spacing-30\"><section class=\"wpb_row vc_row-fluid no-padding row-content-position-Default\"><div class=\"row-inner clearfix\"><div class=\"wpb_column vc_column_container vc_col-sm-12\"><div class=\"vc_column-inner\"><div class=\"wpb_wrapper\">Project item not found!<\/div><\/div><\/div><\/div><\/section><\/div><div class=\"vc-custom-col-spacing clearfix vc-col-spacing-30\"><section class=\"wpb_row vc_row-fluid has-scroll-arrow vc_custom_1558796589780 vc_row-has-fill row-content-position-Default\"><div class=\"bauer-container\"><div class=\"row-inner clearfix\"><div class=\"wpb_column vc_column_container vc_col-sm-12\"><div class=\"vc_column-inner\"><div class=\"wpb_wrapper\">\r\n\t<div class=\"bauer-spacer clearfix\" data-desktop=\"94\" data-mobi=\"60\" data-smobi=\"60\"><\/div><\/div><\/div><\/div><\/div><\/div><\/section><\/div><div class=\"vc-custom-col-spacing clearfix vc-col-spacing-30\"><section class=\"wpb_row vc_row-fluid vc_custom_1558796508444 vc_row-has-fill row-content-position-Default\"><div class=\"bauer-container\"><div class=\"row-inner clearfix\"><div class=\"wpb_column vc_column_container vc_col-sm-12\"><div class=\"vc_column-inner\"><div class=\"wpb_wrapper\">\r\n\t<div class=\"bauer-spacer clearfix\" data-desktop=\"100\" data-mobi=\"60\" data-smobi=\"60\"><\/div><div class=\"bauer-content-box clearfix\" ><div class=\"vc-custom-col-inner-spacing clearfix vc-col-inner-spacing-100\"><div class=\"wpb_row vc_inner vc_row-fluid\"><div class=\"wpb_column vc_column_container vc_col-sm-6\"><div class=\"vc_column-inner\"><div class=\"wpb_wrapper\"><div class=\"bauer-content-box clearfix\" data-padding=\"47px 50px 94px 50px\" data-mobipadding=\"40px\" data-margin=\"\" data-mobimargin=\"\" >\r\n\t\t<div class=\"inner ctb-2017104867\" style=\"\"  data-background=\"rgba(3,15,39,0.6)\" data-rounded=\"5px\" data-border-color=\"rgba(231,231,231,0.3)\" data-border-width=\"1px\">\r\n\t\t\t<h2 class=\"bauer-text clearfix\" style=\"font-size:42px;color:#f2f2f2;margin-bottom:8px;\"><p><span class=\"font-weight-300\"><\/span><span class=\"HwtZe\" jsaction=\"mouseup:Sxi9L,BR6jm; mousedown:qjlr0e\" jsname=\"jqKxS\" lang=\"az\"><span jsaction=\"agoMJf:PFBcW;MZfLnc:P7O7bd;nt4Alf:pvnm0e,pfE8Hb,PFBcW;B01qod:dJXsye;H1e5u:iXtTIf;lYIUJf:hij5Wb\" jsname=\"txFAF\" class=\"jCAhz ChMk0b\" jscontroller=\"BiTO4b\"><span class=\"ryNqvb\" jsname=\"W297wb\" jsaction=\"click:PDNqTc,GFf3ac,qlVvte;contextmenu:Nqw7Te,QP7LD; mouseout:Nqw7Te; mouseover:PDNqTc,c2aHje\">\u018flaq\u0259 Saxlay\u0131n<\/span><\/span><\/span><\/p>\n<\/h2><div class=\"bauer-text clearfix\" style=\"color:#f2f2f2;margin-bottom:25px;\"><p><span class=\"HwtZe\" jsaction=\"mouseup:Sxi9L,BR6jm; mousedown:qjlr0e\" jsname=\"jqKxS\" lang=\"az\"><span jsaction=\"agoMJf:PFBcW;MZfLnc:P7O7bd;nt4Alf:pvnm0e,pfE8Hb,PFBcW;B01qod:dJXsye;H1e5u:iXtTIf;lYIUJf:hij5Wb\" jsname=\"txFAF\" class=\"jCAhz ChMk0b\" jscontroller=\"BiTO4b\"><span class=\"ryNqvb\" jsname=\"W297wb\" jsaction=\"click:PDNqTc,GFf3ac,qlVvte;contextmenu:Nqw7Te,QP7LD; mouseout:Nqw7Te; mouseover:PDNqTc,c2aHje\"> <\/span><\/span><span jsaction=\"agoMJf:PFBcW;MZfLnc:P7O7bd;nt4Alf:pvnm0e,pfE8Hb,PFBcW;B01qod:dJXsye;H1e5u:iXtTIf;lYIUJf:hij5Wb\" jsname=\"txFAF\" class=\"jCAhz ChMk0b\" jscontroller=\"BiTO4b\"><span class=\"ryNqvb\" jsname=\"W297wb\" jsaction=\"click:PDNqTc,GFf3ac,qlVvte;contextmenu:Nqw7Te,QP7LD; mouseout:Nqw7Te; mouseover:PDNqTc,c2aHje\">If you have any questions or ideas you&#039;d like to share, send a message.<\/span><\/span> <span jsaction=\"agoMJf:PFBcW;MZfLnc:P7O7bd;nt4Alf:pvnm0e,pfE8Hb,PFBcW;B01qod:dJXsye;H1e5u:iXtTIf;lYIUJf:hij5Wb\" jsname=\"txFAF\" class=\"jCAhz ChMk0b\" jscontroller=\"BiTO4b\"><span class=\"ryNqvb\" jsname=\"W297wb\" jsaction=\"click:PDNqTc,GFf3ac,qlVvte;contextmenu:Nqw7Te,QP7LD; mouseout:Nqw7Te; mouseover:PDNqTc,c2aHje\">For something more specific, please use one of the addresses listed below.<\/span><\/span><\/span><\/p>\n<\/div><div class=\"bauer-grid-box clearfix grid2 border-light v-30 h-25 no-borders\" data-grid=\"2\" >\r\n\t\t<div class=\"bauer-text clearfix\" style=\"color:#f2f2f2;\"><p><span class=\"font-weight-500 text-white\">Support<\/span><br \/>\n<span class=\"fas fa-phone\" style=\"padding-right: 5px; color: #8a99c0;\"><\/span> <span class=\"font-weight-600\" style=\"color: #8a99c0;\">+1 212-946-2707<\/span><\/p>\n<\/div><div class=\"bauer-text clearfix\" style=\"color:#f2f2f2;\"><p><span class=\"font-weight-500 text-white\">Our Email<\/span><br \/>\noffice@ozlab.az<\/p>\n<\/div>\n\r\n\t<\/div>\r\n\t\t<\/div>\r\n\t<\/div>\r\n\t<div class=\"bauer-spacer clearfix\" data-desktop=\"0\" data-mobi=\"40\" data-smobi=\"40\"><\/div><\/div><\/div><\/div><div class=\"wpb_column vc_column_container vc_col-sm-6\"><div class=\"vc_column-inner\"><div class=\"wpb_wrapper\"><div class=\"bauer-content-box clearfix\" data-padding=\"53px 35px 60px 35px\" data-mobipadding=\"50px 35px 50px 35px\" data-margin=\"\" data-mobimargin=\"\" >\r\n\t\t<div class=\"inner ctb-358694797\" style=\"\"  data-background=\"#f7f9fa\" data-rounded=\"5px\" data-border-width=\"1px\">\r\n\t\t\t<div class=\"bauer-headings clearfix text-center\" data-font=\"22\" style=\"\"><h2 class=\"heading clearfix\" style=\"margin-bottom:15px;font-size:22px;\">\r\n\t\tLet&#039;s start discussing your project right now.\r\n\t<\/h2><p class=\"sub-heading clearfix\" style=\"font-style:normal;max-width:400px;margin-left: auto; margin-right: auto;\">\r\n\t\tAfter receiving some information from you, we will schedule a time to discuss your project in more detail.\r\n\t<\/p><\/div>\r\n\t<div class=\"bauer-spacer clearfix\" data-desktop=\"32\" data-mobi=\"32\" data-smobi=\"32\"><\/div>\n<div class=\"wpcf7 no-js\" id=\"wpcf7-f4437-o1\" lang=\"en-US\" dir=\"ltr\" data-wpcf7-id=\"4437\">\n<div class=\"screen-reader-response\"><p role=\"status\" aria-live=\"polite\" aria-atomic=\"true\"><\/p> <ul><\/ul><\/div>\n<form action=\"\/en\/wp-json\/wp\/v2\/pages\/1339#wpcf7-f4437-o1\" method=\"post\" class=\"wpcf7-form init\" aria-label=\"Contact form\" novalidate=\"novalidate\" data-status=\"init\" data-trp-original-action=\"\/en\/wp-json\/wp\/v2\/pages\/1339#wpcf7-f4437-o1\">\n<fieldset class=\"hidden-fields-container\"><input type=\"hidden\" name=\"_wpcf7\" value=\"4437\" \/><input type=\"hidden\" name=\"_wpcf7_version\" value=\"6.1.4\" \/><input type=\"hidden\" name=\"_wpcf7_locale\" value=\"en_US\" \/><input type=\"hidden\" name=\"_wpcf7_unit_tag\" value=\"wpcf7-f4437-o1\" \/><input type=\"hidden\" name=\"_wpcf7_container_post\" value=\"0\" \/><input type=\"hidden\" name=\"_wpcf7_posted_data_hash\" value=\"\" \/><input type=\"hidden\" name=\"_wpcf7_recaptcha_response\" value=\"\" \/>\n<\/fieldset>\n<div class=\"cf7-style-1\">\n\t<div class=\"name-wrap\">\n\t\t<p><span class=\"wpcf7-form-control-wrap\" data-name=\"your-name\"><input size=\"40\" maxlength=\"400\" class=\"wpcf7-form-control wpcf7-text wpcf7-validates-as-required\" aria-required=\"true\" aria-invalid=\"false\" placeholder=\"Name\" value=\"\" type=\"text\" name=\"your-name\" \/><\/span>\n\t\t<\/p>\n\t<\/div>\n\t<div class=\"email-wrap\">\n\t\t<p><span class=\"wpcf7-form-control-wrap\" data-name=\"your-email\"><input size=\"40\" maxlength=\"400\" class=\"wpcf7-form-control wpcf7-email wpcf7-validates-as-required wpcf7-text wpcf7-validates-as-email\" aria-required=\"true\" aria-invalid=\"false\" placeholder=\"Email\" value=\"\" type=\"email\" name=\"your-email\" \/><\/span>\n\t\t<\/p>\n\t<\/div>\n\t<div class=\"message-wrap\">\n\t\t<p><span class=\"wpcf7-form-control-wrap\" data-name=\"your-message\"><textarea cols=\"40\" rows=\"10\" maxlength=\"2000\" class=\"wpcf7-form-control wpcf7-textarea\" aria-invalid=\"false\" placeholder=\"Message\" name=\"your-message\"><\/textarea><\/span>\n\t\t<\/p>\n\t<\/div>\n\t<div class=\"submit-wrap\">\n\t\t<p><span><input class=\"wpcf7-form-control wpcf7-submit has-spinner\" type=\"submit\" value=\"SEND\" \/><\/span>\n\t\t<\/p>\n\t<\/div>\n<\/div><div class=\"wpcf7-response-output\" aria-hidden=\"true\"><\/div>\n<input type=\"hidden\" name=\"trp-form-language\" value=\"en\"\/><\/form>\n<\/div>\n\r\n\t\t<\/div>\r\n\t<\/div><\/div><\/div><\/div><\/div><\/div><\/div>\r\n\t<div class=\"bauer-spacer clearfix\" data-desktop=\"100\" data-mobi=\"60\" data-smobi=\"60\"><\/div><\/div><\/div><\/div><\/div><\/div><\/section><\/div>\n<\/div>","protected":false},"excerpt":{"rendered":"EL\u018f \u0130ND\u0130 G\u00d6R\u00dc\u015e T\u018fL\u018fB ED\u0130N Ozlab Global ba\u015fdan sona s\u0259naye avadanl\u0131\u011f\u0131 h\u0259ll\u0259ri t\u0259klif ed\u0259n tam s\u0259naye xidm\u0259tl\u0259ri \u015firk\u0259tidir. Bizim hey\u0259timiz qlobal 8 ildir f\u0259aliyy\u0259t g\u00f6st\u0259rir. Contact Us +1 212-946-2707 Our Email office@ozlab.az Qiym\u0259t \u0259ld\u0259 edin Project item not found! \u018flaq\u0259 Saxlay\u0131n Payla\u015fmaq ist\u0259diyiniz suallar\u0131n\u0131z v\u0259 ya fikirl\u0259riniz varsa, mesaj g\u00f6nd\u0259rin.","protected":false},"author":1,"featured_media":0,"parent":0,"menu_order":0,"comment_status":"closed","ping_status":"closed","template":"","meta":{"_eb_attr":"","footnotes":""},"class_list":["post-1339","page","type-page","status-publish","hentry"],"_links":{"self":[{"href":"https:\/\/ozlab.az\/en\/wp-json\/wp\/v2\/pages\/1339","targetHints":{"allow":["GET"]}}],"collection":[{"href":"https:\/\/ozlab.az\/en\/wp-json\/wp\/v2\/pages"}],"about":[{"href":"https:\/\/ozlab.az\/en\/wp-json\/wp\/v2\/types\/page"}],"author":[{"embeddable":true,"href":"https:\/\/ozlab.az\/en\/wp-json\/wp\/v2\/users\/1"}],"replies":[{"embeddable":true,"href":"https:\/\/ozlab.az\/en\/wp-json\/wp\/v2\/comments?post=1339"}],"version-history":[{"count":13,"href":"https:\/\/ozlab.az\/en\/wp-json\/wp\/v2\/pages\/1339\/revisions"}],"predecessor-version":[{"id":29522,"href":"https:\/\/ozlab.az\/en\/wp-json\/wp\/v2\/pages\/1339\/revisions\/29522"}],"wp:attachment":[{"href":"https:\/\/ozlab.az\/en\/wp-json\/wp\/v2\/media?parent=1339"}],"curies":[{"name":"wp","href":"https:\/\/api.w.org\/{rel}","templated":true}]}}