{"id":29853,"date":"2025-01-05T12:17:25","date_gmt":"2025-01-05T12:17:25","guid":{"rendered":"https:\/\/ozlab.az\/?post_type=product&#038;p=29853"},"modified":"2025-01-05T12:17:25","modified_gmt":"2025-01-05T12:17:25","slug":"ebt-dolgu-qumu","status":"publish","type":"product","link":"https:\/\/ozlab.az\/en\/product\/ebt-dolgu-qumu\/","title":{"rendered":"EBT DOL\u011eU QUMU"},"content":{"rendered":"<p><span class=\"HwtZe\" jsaction=\"mouseup:Sxi9L,BR6jm; mousedown:qjlr0e\" jsname=\"jqKxS\" lang=\"az\"><span jsaction=\"agoMJf:PFBcW;MZfLnc:P7O7bd;nt4Alf:pvnm0e,pfE8Hb,PFBcW;B01qod:dJXsye;H1e5u:iXtTIf;lYIUJf:hij5Wb\" jsname=\"txFAF\" class=\"jCAhz ChMk0b\" jscontroller=\"BiTO4b\"><span class=\"ryNqvb\" jsname=\"W297wb\" jsaction=\"click:PDNqTc,GFf3ac,qlVvte;contextmenu:Nqw7Te,QP7LD; mouseout:Nqw7Te; mouseover:PDNqTc,c2aHje\">EBT DOLDURUCU QUM <\/span><\/span><span jsaction=\"agoMJf:PFBcW;MZfLnc:P7O7bd;nt4Alf:pvnm0e,pfE8Hb,PFBcW;B01qod:dJXsye;H1e5u:iXtTIf;lYIUJf:hij5Wb\" jsname=\"txFAF\" class=\"jCAhz ChMk0b\" jscontroller=\"BiTO4b\"><span class=\"ryNqvb\" jsname=\"W297wb\" jsaction=\"click:PDNqTc,GFf3ac,qlVvte;contextmenu:Nqw7Te,QP7LD; mouseout:Nqw7Te; mouseover:PDNqTc,c2aHje\">\u00d6lk\u0259d\u0259 v\u0259 xaricd\u0259 bir \u00e7ox d\u0259mir-polad zavodlar\u0131nda d\u0259mir q\u0131r\u0131nt\u0131lar\u0131n\u0131n \u0259ridilm\u0259si prosesi elektrik q\u00f6vs sobalar\u0131nda apar\u0131l\u0131r.<\/span><\/span> <span jsaction=\"agoMJf:PFBcW;MZfLnc:P7O7bd;nt4Alf:pvnm0e,pfE8Hb,PFBcW;B01qod:dJXsye;H1e5u:iXtTIf;lYIUJf:hij5Wb\" jsname=\"txFAF\" class=\"jCAhz ChMk0b\" jscontroller=\"BiTO4b\"><span class=\"ryNqvb\" jsname=\"W297wb\" jsaction=\"click:PDNqTc,GFf3ac,qlVvte;contextmenu:Nqw7Te,QP7LD; mouseout:Nqw7Te; mouseover:PDNqTc,c2aHje\">Elektrik q\u00f6vs sobalar\u0131nda \u0259ridilmi\u015f maye polad soban\u0131n dibind\u0259 yerl\u0259\u015f\u0259n EBT de\u015fikl\u0259ri adlanan t\u0259mizl\u0259m\u0259 d\u0259likl\u0259ri vasit\u0259sil\u0259 \u00e7\u00f6m\u00e7\u0259 sobalar\u0131na \u00f6t\u00fcr\u00fcl\u00fcr.<\/span><\/span> <span jsaction=\"agoMJf:PFBcW;MZfLnc:P7O7bd;nt4Alf:pvnm0e,pfE8Hb,PFBcW;B01qod:dJXsye;H1e5u:iXtTIf;lYIUJf:hij5Wb\" jsname=\"txFAF\" class=\"jCAhz ChMk0b\" jscontroller=\"BiTO4b\"><span class=\"ryNqvb\" jsname=\"W297wb\" jsaction=\"click:PDNqTc,GFf3ac,qlVvte;contextmenu:Nqw7Te,QP7LD; mouseout:Nqw7Te; mouseover:PDNqTc,c2aHje\">\u00dcmumiyy\u0259tl\u0259, bu EBT delikl\u0259ri t\u00f6km\u0259 tamamlanana q\u0259d\u0259r olivind\u0259n haz\u0131rlanm\u0131\u015f EBT qumlar\u0131 il\u0259 doldurulur.<\/span><\/span> <span jsaction=\"agoMJf:PFBcW;MZfLnc:P7O7bd;nt4Alf:pvnm0e,pfE8Hb,PFBcW;B01qod:dJXsye;H1e5u:iXtTIf;lYIUJf:hij5Wb\" jsname=\"txFAF\" class=\"jCAhz ChMk0b\" jscontroller=\"BiTO4b\"><span class=\"ryNqvb\" jsname=\"W297wb\" jsaction=\"click:PDNqTc,GFf3ac,qlVvte;contextmenu:Nqw7Te,QP7LD; mouseout:Nqw7Te; mouseover:PDNqTc,c2aHje\">EBT Qumunun keyfiyy\u0259ti onun harada istifad\u0259 olundu\u011fu n\u0259z\u0259r\u0259 al\u0131nmaqla b\u00f6y\u00fck \u0259h\u0259miyy\u0259t k\u0259sb edir v\u0259 t\u00f6km\u0259 \u00e7uxurunun t\u0131xac\u0131n\u0131n a\u00e7\u0131lmas\u0131 zaman\u0131 qumun t\u0259bii \u015f\u0259kild\u0259 axmas\u0131 g\u00f6zl\u0259nilir.<\/span><\/span> <span jsaction=\"agoMJf:PFBcW;MZfLnc:P7O7bd;nt4Alf:pvnm0e,pfE8Hb,PFBcW;B01qod:dJXsye;H1e5u:iXtTIf;lYIUJf:hij5Wb\" jsname=\"txFAF\" class=\"jCAhz ChMk0b\" jscontroller=\"BiTO4b\"><span class=\"ryNqvb\" jsname=\"W297wb\" jsaction=\"click:PDNqTc,GFf3ac,qlVvte;contextmenu:Nqw7Te,QP7LD; mouseout:Nqw7Te; mouseover:PDNqTc,c2aHje\">Burada keyfiyy\u0259tsiz materiallardan haz\u0131rlanm\u0131\u015f EBT doldurucu qumlar sinterl\u0259n\u0259r\u0259k \u00f6z-\u00f6z\u00fcn\u0259 a\u00e7\u0131lm\u0131r v\u0259 oksigenl\u0259 m\u00fcdaxil\u0259 t\u0259l\u0259b edir.<\/span><\/span> <span jsaction=\"agoMJf:PFBcW;MZfLnc:P7O7bd;nt4Alf:pvnm0e,pfE8Hb,PFBcW;B01qod:dJXsye;H1e5u:iXtTIf;lYIUJf:hij5Wb\" jsname=\"txFAF\" class=\"jCAhz ChMk0b\" jscontroller=\"BiTO4b\"><span class=\"ryNqvb\" jsname=\"W297wb\" jsaction=\"click:PDNqTc,GFf3ac,qlVvte;contextmenu:Nqw7Te,QP7LD; mouseout:Nqw7Te; mouseover:PDNqTc,c2aHje\">Bu, istifad\u0259\u00e7inin vaxt itirm\u0259sin\u0259 s\u0259b\u0259b olur.<\/span><\/span> <span jsaction=\"agoMJf:PFBcW;MZfLnc:P7O7bd;nt4Alf:pvnm0e,pfE8Hb,PFBcW;B01qod:dJXsye;H1e5u:iXtTIf;lYIUJf:hij5Wb\" jsname=\"txFAF\" class=\"jCAhz ChMk0b\" jscontroller=\"BiTO4b\"><span class=\"ryNqvb\" jsname=\"W297wb\" jsaction=\"click:PDNqTc,GFf3ac,qlVvte;contextmenu:Nqw7Te,QP7LD; mouseout:Nqw7Te; mouseover:PDNqTc,c2aHje\">Bu neqativ hal davam ed\u0259rs\u0259, itirilmi\u015f vaxt g\u00fcnd\u0259lik zibill\u0259rin say\u0131n\u0131 azaldacaq v\u0259 istifad\u0259\u00e7inin ciddi iqtisadi itkil\u0259r\u0259 m\u0259ruz qalmas\u0131na s\u0259b\u0259b olacaq.<\/span><\/span> <span jsaction=\"agoMJf:PFBcW;MZfLnc:P7O7bd;nt4Alf:pvnm0e,pfE8Hb,PFBcW;B01qod:dJXsye;H1e5u:iXtTIf;lYIUJf:hij5Wb\" jsname=\"txFAF\" class=\"jCAhz ChMk0b\" jscontroller=\"BiTO4b\"><span class=\"ryNqvb\" jsname=\"W297wb\" jsaction=\"click:PDNqTc,GFf3ac,qlVvte;contextmenu:Nqw7Te,QP7LD; mouseout:Nqw7Te; mouseover:PDNqTc,c2aHje\">Olivind\u0259n haz\u0131rlanan EBT Qumunun y\u00fcks\u0259k s\u0259rb\u0259st a\u00e7\u0131lma nisb\u0259ti b\u00fct\u00fcn bu m\u0259nfi c\u0259h\u0259tl\u0259ri aradan qald\u0131r\u0131r, \u00e7\u00fcnki onun istehsal\u0131 t\u0259cr\u00fcb\u0259li v\u0259 t\u0259cr\u00fcb\u0259li insanlar t\u0259r\u0259find\u0259n h\u0259yata ke\u00e7irilir. <\/span><\/span><span jsaction=\"agoMJf:PFBcW;MZfLnc:P7O7bd;nt4Alf:pvnm0e,pfE8Hb,PFBcW;B01qod:dJXsye;H1e5u:iXtTIf;lYIUJf:hij5Wb\" jsname=\"txFAF\" class=\"jCAhz\" jscontroller=\"BiTO4b\"><span class=\"ryNqvb\" jsname=\"W297wb\" jsaction=\"click:PDNqTc,GFf3ac,qlVvte;contextmenu:Nqw7Te,QP7LD; mouseout:Nqw7Te; mouseover:PDNqTc,c2aHje\">EBT Qum X\u00fcsusiyy\u0259tl\u0259ri <\/span><\/span><span jsaction=\"agoMJf:PFBcW;MZfLnc:P7O7bd;nt4Alf:pvnm0e,pfE8Hb,PFBcW;B01qod:dJXsye;H1e5u:iXtTIf;lYIUJf:hij5Wb\" jsname=\"txFAF\" class=\"jCAhz ChMk0b\" jscontroller=\"BiTO4b\"><span class=\"ryNqvb\" jsname=\"W297wb\" jsaction=\"click:PDNqTc,GFf3ac,qlVvte;contextmenu:Nqw7Te,QP7LD; mouseout:Nqw7Te; mouseover:PDNqTc,c2aHje\">\u2022 98%-d\u0259n \u00e7ox s\u0259rb\u0259st a\u00e7\u0131lma d\u0259r\u0259c\u0259sin\u0259 malikdir, y\u00fcks\u0259k MgO d\u0259y\u0259rl\u0259rin\u0259 malikdir v\u0259 1760 C-y\u0259 q\u0259d\u0259r olan temperaturlara davaml\u0131d\u0131r. <\/span><\/span><span jsaction=\"agoMJf:PFBcW;MZfLnc:P7O7bd;nt4Alf:pvnm0e,pfE8Hb,PFBcW;B01qod:dJXsye;H1e5u:iXtTIf;lYIUJf:hij5Wb\" jsname=\"txFAF\" class=\"jCAhz\" jscontroller=\"BiTO4b\"><span class=\"ryNqvb\" jsname=\"W297wb\" jsaction=\"click:PDNqTc,GFf3ac,qlVvte;contextmenu:Nqw7Te,QP7LD; mouseout:Nqw7Te; mouseover:PDNqTc,c2aHje\">\u2022 X\u00fcsusi istehsal texnikas\u0131 il\u0259 istehsal olunan EBT Qumunun tax\u0131l qurulu\u015fu bucaql\u0131 deyil, yuvarlaqd\u0131r.<\/span><\/span> <span jsaction=\"agoMJf:PFBcW;MZfLnc:P7O7bd;nt4Alf:pvnm0e,pfE8Hb,PFBcW;B01qod:dJXsye;H1e5u:iXtTIf;lYIUJf:hij5Wb\" jsname=\"txFAF\" class=\"jCAhz\" jscontroller=\"BiTO4b\"><span class=\"ryNqvb\" jsname=\"W297wb\" jsaction=\"click:PDNqTc,GFf3ac,qlVvte;contextmenu:Nqw7Te,QP7LD; mouseout:Nqw7Te; mouseover:PDNqTc,c2aHje\">Bu x\u00fcsusiyy\u0259t EBT Quma ax\u0131c\u0131l\u0131q verir v\u0259 onu sinterl\u0259m\u0259d\u0259n a\u00e7ma\u011fa imkan verir.<\/span><\/span><\/span><\/p>\n<p><span class=\"HwtZe\" jsaction=\"mouseup:Sxi9L,BR6jm; mousedown:qjlr0e\" jsname=\"jqKxS\" lang=\"az\"><span jsaction=\"agoMJf:PFBcW;MZfLnc:P7O7bd;nt4Alf:pvnm0e,pfE8Hb,PFBcW;B01qod:dJXsye;H1e5u:iXtTIf;lYIUJf:hij5Wb\" jsname=\"txFAF\" class=\"jCAhz\" jscontroller=\"BiTO4b\"><span class=\"ryNqvb\" jsname=\"W297wb\" jsaction=\"click:PDNqTc,GFf3ac,qlVvte;contextmenu:Nqw7Te,QP7LD; mouseout:Nqw7Te; mouseover:PDNqTc,c2aHje\"> <\/span><\/span><span jsaction=\"agoMJf:PFBcW;MZfLnc:P7O7bd;nt4Alf:pvnm0e,pfE8Hb,PFBcW;B01qod:dJXsye;H1e5u:iXtTIf;lYIUJf:hij5Wb\" jsname=\"txFAF\" class=\"jCAhz\" jscontroller=\"BiTO4b\"><span class=\"ryNqvb\" jsname=\"W297wb\" jsaction=\"click:PDNqTc,GFf3ac,qlVvte;contextmenu:Nqw7Te,QP7LD; mouseout:Nqw7Te; mouseover:PDNqTc,c2aHje\">\u2022 EBT Qumunun y\u00fcks\u0259k keyfiyy\u0259ti istifad\u0259\u00e7iy\u0259 vaxta v\u0259 \u0259m\u0259y\u0259 q\u0259na\u0259t etm\u0259y\u0259 imkan verir. <\/span><\/span><\/span><\/p>\n<p><span class=\"HwtZe\" jsaction=\"mouseup:Sxi9L,BR6jm; mousedown:qjlr0e\" jsname=\"jqKxS\" lang=\"az\"><span jsaction=\"agoMJf:PFBcW;MZfLnc:P7O7bd;nt4Alf:pvnm0e,pfE8Hb,PFBcW;B01qod:dJXsye;H1e5u:iXtTIf;lYIUJf:hij5Wb\" jsname=\"txFAF\" class=\"jCAhz\" jscontroller=\"BiTO4b\"><span class=\"ryNqvb\" jsname=\"W297wb\" jsaction=\"click:PDNqTc,GFf3ac,qlVvte;contextmenu:Nqw7Te,QP7LD; mouseout:Nqw7Te; mouseover:PDNqTc,c2aHje\">\u2022 EBT Qum kimi istifad\u0259 edil\u0259n m\u0259hsullar\u0131m\u0131z\u0131n b\u00fct\u00fcn \u00f6l\u00e7\u00fcl\u0259rinin tax\u0131l paylanmas\u0131;<\/span><\/span> <span jsaction=\"agoMJf:PFBcW;MZfLnc:P7O7bd;nt4Alf:pvnm0e,pfE8Hb,PFBcW;B01qod:dJXsye;H1e5u:iXtTIf;lYIUJf:hij5Wb\" jsname=\"txFAF\" class=\"jCAhz\" jscontroller=\"BiTO4b\"><span class=\"ryNqvb\" jsname=\"W297wb\" jsaction=\"click:PDNqTc,GFf3ac,qlVvte;contextmenu:Nqw7Te,QP7LD; mouseout:Nqw7Te; mouseover:PDNqTc,c2aHje\">\u00e7oxillik t\u0259cr\u00fcb\u0259 il\u0259 s\u00fcbut edilmi\u015f \u0259n d\u0259qiq diapazonlard\u0131r.<\/span><\/span> <span jsaction=\"agoMJf:PFBcW;MZfLnc:P7O7bd;nt4Alf:pvnm0e,pfE8Hb,PFBcW;B01qod:dJXsye;H1e5u:iXtTIf;lYIUJf:hij5Wb\" jsname=\"txFAF\" class=\"jCAhz\" jscontroller=\"BiTO4b\"><span class=\"ryNqvb\" jsname=\"W297wb\" jsaction=\"click:PDNqTc,GFf3ac,qlVvte;contextmenu:Nqw7Te,QP7LD; mouseout:Nqw7Te; mouseover:PDNqTc,c2aHje\">Tax\u0131llar bir-birin\u0259 yuva salaraq tax\u0131llar aras\u0131nda bo\u015fluqlar\u0131n yaranmas\u0131n\u0131n qar\u015f\u0131s\u0131n\u0131 al\u0131r.<\/span><\/span><\/span><\/p>\n<p><span class=\"HwtZe\" jsaction=\"mouseup:Sxi9L,BR6jm; mousedown:qjlr0e\" jsname=\"jqKxS\" lang=\"az\"><span jsaction=\"agoMJf:PFBcW;MZfLnc:P7O7bd;nt4Alf:pvnm0e,pfE8Hb,PFBcW;B01qod:dJXsye;H1e5u:iXtTIf;lYIUJf:hij5Wb\" jsname=\"txFAF\" class=\"jCAhz\" jscontroller=\"BiTO4b\"><span class=\"ryNqvb\" jsname=\"W297wb\" jsaction=\"click:PDNqTc,GFf3ac,qlVvte;contextmenu:Nqw7Te,QP7LD; mouseout:Nqw7Te; mouseover:PDNqTc,c2aHje\"> <\/span><\/span><span jsaction=\"agoMJf:PFBcW;MZfLnc:P7O7bd;nt4Alf:pvnm0e,pfE8Hb,PFBcW;B01qod:dJXsye;H1e5u:iXtTIf;lYIUJf:hij5Wb\" jsname=\"txFAF\" class=\"jCAhz ChMk0b\" jscontroller=\"BiTO4b\"><span class=\"ryNqvb\" jsname=\"W297wb\" jsaction=\"click:PDNqTc,GFf3ac,qlVvte;contextmenu:Nqw7Te,QP7LD; mouseout:Nqw7Te; mouseover:PDNqTc,c2aHje\">\u2022 Bel\u0259likl\u0259, \u015flak\u0131n tax\u0131llar aras\u0131ndak\u0131 bo\u015fluqlara s\u0131zmas\u0131 v\u0259 sinterl\u0259\u015fm\u0259sinin qar\u015f\u0131s\u0131 al\u0131n\u0131r. <\/span><\/span><\/span><\/p>\n<p><span class=\"HwtZe\" jsaction=\"mouseup:Sxi9L,BR6jm; mousedown:qjlr0e\" jsname=\"jqKxS\" lang=\"az\"><span jsaction=\"agoMJf:PFBcW;MZfLnc:P7O7bd;nt4Alf:pvnm0e,pfE8Hb,PFBcW;B01qod:dJXsye;H1e5u:iXtTIf;lYIUJf:hij5Wb\" jsname=\"txFAF\" class=\"jCAhz\" jscontroller=\"BiTO4b\"><span class=\"ryNqvb\" jsname=\"W297wb\" jsaction=\"click:PDNqTc,GFf3ac,qlVvte;contextmenu:Nqw7Te,QP7LD; mouseout:Nqw7Te; mouseover:PDNqTc,c2aHje\">\u2022 EBT Qum istehsal\u0131 davaml\u0131 keyfiyy\u0259t\u0259 n\u0259zar\u0259t n\u0259zar\u0259ti alt\u0131ndad\u0131r.<\/span><\/span> <span jsaction=\"agoMJf:PFBcW;MZfLnc:P7O7bd;nt4Alf:pvnm0e,pfE8Hb,PFBcW;B01qod:dJXsye;H1e5u:iXtTIf;lYIUJf:hij5Wb\" jsname=\"txFAF\" class=\"jCAhz\" jscontroller=\"BiTO4b\"><span class=\"ryNqvb\" jsname=\"W297wb\" jsaction=\"click:PDNqTc,GFf3ac,qlVvte;contextmenu:Nqw7Te,QP7LD; mouseout:Nqw7Te; mouseover:PDNqTc,c2aHje\">M\u00fcmk\u00fcn bir problem hal\u0131nda d\u0259rhal m\u00fcdaxil\u0259 edilir. <\/span><\/span><\/span><\/p>\n<p><span class=\"HwtZe\" jsaction=\"mouseup:Sxi9L,BR6jm; mousedown:qjlr0e\" jsname=\"jqKxS\" lang=\"az\"><span jsaction=\"agoMJf:PFBcW;MZfLnc:P7O7bd;nt4Alf:pvnm0e,pfE8Hb,PFBcW;B01qod:dJXsye;H1e5u:iXtTIf;lYIUJf:hij5Wb\" jsname=\"txFAF\" class=\"jCAhz\" jscontroller=\"BiTO4b\"><span class=\"ryNqvb\" jsname=\"W297wb\" jsaction=\"click:PDNqTc,GFf3ac,qlVvte;contextmenu:Nqw7Te,QP7LD; mouseout:Nqw7Te; mouseover:PDNqTc,c2aHje\">EBT M\u0259hsul \u00d6l\u00e7\u00fcl\u0259ri<\/span><\/span><\/span><\/p>\n<p><span class=\"HwtZe\" jsaction=\"mouseup:Sxi9L,BR6jm; mousedown:qjlr0e\" jsname=\"jqKxS\" lang=\"az\"><span jsaction=\"agoMJf:PFBcW;MZfLnc:P7O7bd;nt4Alf:pvnm0e,pfE8Hb,PFBcW;B01qod:dJXsye;H1e5u:iXtTIf;lYIUJf:hij5Wb\" jsname=\"txFAF\" class=\"jCAhz\" jscontroller=\"BiTO4b\"><span class=\"ryNqvb\" jsname=\"W297wb\" jsaction=\"click:PDNqTc,GFf3ac,qlVvte;contextmenu:Nqw7Te,QP7LD; mouseout:Nqw7Te; mouseover:PDNqTc,c2aHje\"> <\/span><\/span><span jsaction=\"agoMJf:PFBcW;MZfLnc:P7O7bd;nt4Alf:pvnm0e,pfE8Hb,PFBcW;B01qod:dJXsye;H1e5u:iXtTIf;lYIUJf:hij5Wb\" jsname=\"txFAF\" class=\"jCAhz\" jscontroller=\"BiTO4b\"><span class=\"ryNqvb\" jsname=\"W297wb\" jsaction=\"click:PDNqTc,GFf3ac,qlVvte;contextmenu:Nqw7Te,QP7LD; mouseout:Nqw7Te; mouseover:PDNqTc,c2aHje\">\u2022 1 \u2013 5 mm <\/span><\/span><\/span><\/p>\n<p><span class=\"HwtZe\" jsaction=\"mouseup:Sxi9L,BR6jm; mousedown:qjlr0e\" jsname=\"jqKxS\" lang=\"az\"><span jsaction=\"agoMJf:PFBcW;MZfLnc:P7O7bd;nt4Alf:pvnm0e,pfE8Hb,PFBcW;B01qod:dJXsye;H1e5u:iXtTIf;lYIUJf:hij5Wb\" jsname=\"txFAF\" class=\"jCAhz\" jscontroller=\"BiTO4b\"><span class=\"ryNqvb\" jsname=\"W297wb\" jsaction=\"click:PDNqTc,GFf3ac,qlVvte;contextmenu:Nqw7Te,QP7LD; mouseout:Nqw7Te; mouseover:PDNqTc,c2aHje\">\u2022 2 \u2013 6 mm <\/span><\/span><\/span><\/p>\n<p><span class=\"HwtZe\" jsaction=\"mouseup:Sxi9L,BR6jm; mousedown:qjlr0e\" jsname=\"jqKxS\" lang=\"az\"><span jsaction=\"agoMJf:PFBcW;MZfLnc:P7O7bd;nt4Alf:pvnm0e,pfE8Hb,PFBcW;B01qod:dJXsye;H1e5u:iXtTIf;lYIUJf:hij5Wb\" jsname=\"txFAF\" class=\"jCAhz\" jscontroller=\"BiTO4b\"><span class=\"ryNqvb\" jsname=\"W297wb\" jsaction=\"click:PDNqTc,GFf3ac,qlVvte;contextmenu:Nqw7Te,QP7LD; mouseout:Nqw7Te; mouseover:PDNqTc,c2aHje\">\u2022 2 \u2013 7 mm<\/span><\/span><\/span><\/p>\n<p><span class=\"HwtZe\" jsaction=\"mouseup:Sxi9L,BR6jm; mousedown:qjlr0e\" jsname=\"jqKxS\" lang=\"az\"><span jsaction=\"agoMJf:PFBcW;MZfLnc:P7O7bd;nt4Alf:pvnm0e,pfE8Hb,PFBcW;B01qod:dJXsye;H1e5u:iXtTIf;lYIUJf:hij5Wb\" jsname=\"txFAF\" class=\"jCAhz\" jscontroller=\"BiTO4b\"><span class=\"ryNqvb\" jsname=\"W297wb\" jsaction=\"click:PDNqTc,GFf3ac,qlVvte;contextmenu:Nqw7Te,QP7LD; mouseout:Nqw7Te; mouseover:PDNqTc,c2aHje\"> <\/span><\/span><span jsaction=\"agoMJf:PFBcW;MZfLnc:P7O7bd;nt4Alf:pvnm0e,pfE8Hb,PFBcW;B01qod:dJXsye;H1e5u:iXtTIf;lYIUJf:hij5Wb\" jsname=\"txFAF\" class=\"jCAhz\" jscontroller=\"BiTO4b\"><span class=\"ryNqvb\" jsname=\"W297wb\" jsaction=\"click:PDNqTc,GFf3ac,qlVvte;contextmenu:Nqw7Te,QP7LD; mouseout:Nqw7Te; mouseover:PDNqTc,c2aHje\">\u2022 2 \u2013 8 mm<\/span><\/span><\/span><\/p>\n<p><span class=\"HwtZe\" jsaction=\"mouseup:Sxi9L,BR6jm; mousedown:qjlr0e\" jsname=\"jqKxS\" lang=\"az\"><span jsaction=\"agoMJf:PFBcW;MZfLnc:P7O7bd;nt4Alf:pvnm0e,pfE8Hb,PFBcW;B01qod:dJXsye;H1e5u:iXtTIf;lYIUJf:hij5Wb\" jsname=\"txFAF\" class=\"jCAhz\" jscontroller=\"BiTO4b\"><span class=\"ryNqvb\" jsname=\"W297wb\" jsaction=\"click:PDNqTc,GFf3ac,qlVvte;contextmenu:Nqw7Te,QP7LD; mouseout:Nqw7Te; mouseover:PDNqTc,c2aHje\"> <\/span><\/span><span jsaction=\"agoMJf:PFBcW;MZfLnc:P7O7bd;nt4Alf:pvnm0e,pfE8Hb,PFBcW;B01qod:dJXsye;H1e5u:iXtTIf;lYIUJf:hij5Wb\" jsname=\"txFAF\" class=\"jCAhz\" jscontroller=\"BiTO4b\"><span class=\"ryNqvb\" jsname=\"W297wb\" jsaction=\"click:PDNqTc,GFf3ac,qlVvte;contextmenu:Nqw7Te,QP7LD; mouseout:Nqw7Te; mouseover:PDNqTc,c2aHje\">\u2022 3 \u2013 8 mm <\/span><\/span><\/span><\/p>\n<p><span class=\"HwtZe\" jsaction=\"mouseup:Sxi9L,BR6jm; mousedown:qjlr0e\" jsname=\"jqKxS\" lang=\"az\"><span jsaction=\"agoMJf:PFBcW;MZfLnc:P7O7bd;nt4Alf:pvnm0e,pfE8Hb,PFBcW;B01qod:dJXsye;H1e5u:iXtTIf;lYIUJf:hij5Wb\" jsname=\"txFAF\" class=\"jCAhz\" jscontroller=\"BiTO4b\"><span class=\"ryNqvb\" jsname=\"W297wb\" jsaction=\"click:PDNqTc,GFf3ac,qlVvte;contextmenu:Nqw7Te,QP7LD; mouseout:Nqw7Te; mouseover:PDNqTc,c2aHje\">\u2022 4 \u2013 9 mm<\/span><\/span><\/span><\/p>","protected":false},"excerpt":{"rendered":"<p>EBT DOLDURUCU QUM \u00d6lk\u0259d\u0259 v\u0259 xaricd\u0259 bir \u00e7ox d\u0259mir-polad zavodlar\u0131nda d\u0259mir q\u0131r\u0131nt\u0131lar\u0131n\u0131n \u0259ridilm\u0259si prosesi elektrik q\u00f6vs sobalar\u0131nda apar\u0131l\u0131r. Elektrik q\u00f6vs sobalar\u0131nda \u0259ridilmi\u015f maye polad soban\u0131n dibind\u0259 yerl\u0259\u015f\u0259n EBT de\u015fikl\u0259ri adlanan t\u0259mizl\u0259m\u0259 d\u0259likl\u0259ri vasit\u0259sil\u0259 \u00e7\u00f6m\u00e7\u0259 sobalar\u0131na \u00f6t\u00fcr\u00fcl\u00fcr. \u00dcmumiyy\u0259tl\u0259, bu EBT delikl\u0259ri t\u00f6km\u0259 tamamlanana q\u0259d\u0259r olivind\u0259n haz\u0131rlanm\u0131\u015f EBT qumlar\u0131 il\u0259 doldurulur. EBT<\/p>","protected":false},"featured_media":29841,"template":"","meta":{"_eb_attr":""},"product_brand":[],"product_cat":[168],"product_tag":[],"class_list":{"0":"post-29853","1":"product","2":"type-product","3":"status-publish","4":"has-post-thumbnail","6":"product_cat-spare-parts","8":"first","9":"instock","10":"shipping-taxable","11":"product-type-simple"},"_links":{"self":[{"href":"https:\/\/ozlab.az\/en\/wp-json\/wp\/v2\/product\/29853","targetHints":{"allow":["GET"]}}],"collection":[{"href":"https:\/\/ozlab.az\/en\/wp-json\/wp\/v2\/product"}],"about":[{"href":"https:\/\/ozlab.az\/en\/wp-json\/wp\/v2\/types\/product"}],"wp:featuredmedia":[{"embeddable":true,"href":"https:\/\/ozlab.az\/en\/wp-json\/wp\/v2\/media\/29841"}],"wp:attachment":[{"href":"https:\/\/ozlab.az\/en\/wp-json\/wp\/v2\/media?parent=29853"}],"wp:term":[{"taxonomy":"product_brand","embeddable":true,"href":"https:\/\/ozlab.az\/en\/wp-json\/wp\/v2\/product_brand?post=29853"},{"taxonomy":"product_cat","embeddable":true,"href":"https:\/\/ozlab.az\/en\/wp-json\/wp\/v2\/product_cat?post=29853"},{"taxonomy":"product_tag","embeddable":true,"href":"https:\/\/ozlab.az\/en\/wp-json\/wp\/v2\/product_tag?post=29853"}],"curies":[{"name":"wp","href":"https:\/\/api.w.org\/{rel}","templated":true}]}}